{"id":7166,"date":"2022-09-13T13:23:05","date_gmt":"2022-09-13T13:23:05","guid":{"rendered":"https:\/\/kocakkoltuk.com\/?page_id=7166"},"modified":"2022-10-03T11:07:30","modified_gmt":"2022-10-03T11:07:30","slug":"hakkimizda","status":"publish","type":"page","link":"https:\/\/kocakkoltuk.com\/index.php\/hakkimizda\/","title":{"rendered":"Hakk\u0131m\u0131zda"},"content":{"rendered":"<p>[vc_row content_placement=&#8221;middle&#8221; woodmart_css_id=&#8221;632085b20edbf&#8221; responsive_spacing=&#8221;eyJwYXJhbV90eXBlIjoid29vZG1hcnRfcmVzcG9uc2l2ZV9zcGFjaW5nIiwic2VsZWN0b3JfaWQiOiI2MzIwODViMjBlZGJmIiwic2hvcnRjb2RlIjoidmNfcm93IiwiZGF0YSI6eyJ0YWJsZXQiOnt9LCJtb2JpbGUiOnt9fX0=&#8221; mobile_bg_img_hidden=&#8221;no&#8221; tablet_bg_img_hidden=&#8221;no&#8221; woodmart_parallax=&#8221;0&#8243; woodmart_gradient_switch=&#8221;no&#8221; woodmart_box_shadow=&#8221;no&#8221; wd_z_index=&#8221;no&#8221; woodmart_disable_overflow=&#8221;0&#8243; row_reverse_mobile=&#8221;0&#8243; row_reverse_tablet=&#8221;0&#8243;][vc_column][vc_custom_heading text=&#8221;HAKKIMIZDA&#8221; font_container=&#8221;tag:h2|font_size:26px|text_align:center|color:%23000000&#8243; google_fonts=&#8221;font_family:Montserrat%3Aregular%2C700|font_style:400%20regular%3A400%3Anormal&#8221;][vc_separator el_width=&#8221;60&#8243;][vc_row_inner content_placement=&#8221;middle&#8221; woodmart_css_id=&#8221;632085df1f6f0&#8243; responsive_spacing=&#8221;eyJwYXJhbV90eXBlIjoid29vZG1hcnRfcmVzcG9uc2l2ZV9zcGFjaW5nIiwic2VsZWN0b3JfaWQiOiI2MzIwODVkZjFmNmYwIiwic2hvcnRjb2RlIjoidmNfcm93X2lubmVyIiwiZGF0YSI6eyJ0YWJsZXQiOnt9LCJtb2JpbGUiOnt9fX0=&#8221; mobile_bg_img_hidden=&#8221;no&#8221; tablet_bg_img_hidden=&#8221;no&#8221; woodmart_parallax=&#8221;0&#8243; woodmart_gradient_switch=&#8221;no&#8221; woodmart_box_shadow=&#8221;no&#8221; wd_z_index=&#8221;no&#8221; woodmart_disable_overflow=&#8221;0&#8243; row_reverse_mobile=&#8221;0&#8243; row_reverse_tablet=&#8221;0&#8243;][vc_column_inner width=&#8221;1\/2&#8243;][vc_single_image image=&#8221;7619&#8243; img_size=&#8221;full&#8221; parallax_scroll=&#8221;no&#8221; woodmart_inline=&#8221;no&#8221;][\/vc_column_inner][vc_column_inner width=&#8221;1\/2&#8243;][vc_column_text woodmart_inline=&#8221;no&#8221; text_larger=&#8221;no&#8221;]<\/p>\n<p style=\"text-align: left; color: black; font-family: Montserrat;\"><em><strong>1978 y\u0131l\u0131nda ba\u015flayan koltuk \u00fcretimi ihracat\u0131m\u0131z 1998 y\u0131l\u0131nda KO\u00c7AKLAR GIDA ORMAN \u00dcR\u00dcNLERI MOBILYA SAN.TIC.LTD.\u015eTI.ad\u0131yla \u015firketle\u015fmi\u015ftir. Bu a\u015famalardan sonra artarak devam eden \u00fcretim ve ihracat\u0131m\u0131z 2005 y\u0131l\u0131nda ko\u00e7ak koltuk ismi alt\u0131nda markala\u015fm\u0131\u015ft\u0131r.<\/strong><\/em><\/p>\n<p style=\"text-align: left; color: black; font-family: Montserrat;\"><em><strong>13500 m2 alanda yapt\u0131\u011f\u0131 \u00fcretimle 38 \u00fclkeye yapt\u0131\u011f\u0131 ihracat\u0131 g\u00fcnden g\u00fcne artt\u0131rmak hedefiyle \u00e7al\u0131\u015fmalar\u0131n\u0131 s\u00fcrd\u00fcrmektedir. Amac\u0131m\u0131z siz de\u011ferli m\u00fc\u015fterilerimize her zaman en iyi hizmeti vermektir.<\/strong><\/em><\/p>\n<p style=\"text-align: left; color: black; font-family: Montserrat;\"><em><strong>Kuruldu\u011fumuz tarihten bu yana hep geli\u015ftik ve m\u00fc\u015fterilerimize her zaman en iyi \u00fcr\u00fcn temin ettik ve etmeye devam ediyoruz.<\/strong><\/em><\/p>\n<p style=\"text-align: left; font-family: Montserrat;\"><em><strong>\u00c7\u00fcnk\u00fc, sen de\u011ferlisin&#8230;<\/strong><\/em><\/p>\n<p>[\/vc_column_text][\/vc_column_inner][\/vc_row_inner][\/vc_column][\/vc_row]<\/p>\n","protected":false},"excerpt":{"rendered":"<p>[vc_row content_placement=&#8221;middle&#8221; woodmart_css_id=&#8221;632085b20edbf&#8221; responsive_spacing=&#8221;eyJwYXJhbV90eXBlIjoid29vZG1hcnRfcmVzcG9uc2l2ZV9zcGFjaW5nIiwic2VsZWN0b3JfaWQiOiI2MzIwODViMjBlZGJmIiwic2hvcnRjb2RlIjoidmNfcm93IiwiZGF0YSI6eyJ0YWJsZXQiOnt9LCJtb2JpbGUiOnt9fX0=&#8221; mobile_bg_img_hidden=&#8221;no&#8221; tablet_bg_img_hidden=&#8221;no&#8221; woodmart_parallax=&#8221;0&#8243; woodmart_gradient_switch=&#8221;no&#8221; woodmart_box_shadow=&#8221;no&#8221; wd_z_index=&#8221;no&#8221; woodmart_disable_overflow=&#8221;0&#8243; row_reverse_mobile=&#8221;0&#8243; row_reverse_tablet=&#8221;0&#8243;][vc_column][vc_custom_heading text=&#8221;HAKKIMIZDA&#8221; font_container=&#8221;tag:h2|font_size:26px|text_align:center|color:%23000000&#8243; google_fonts=&#8221;font_family:Montserrat%3Aregular%2C700|font_style:400%20regular%3A400%3Anormal&#8221;][vc_separator el_width=&#8221;60&#8243;][vc_row_inner content_placement=&#8221;middle&#8221; woodmart_css_id=&#8221;632085df1f6f0&#8243; responsive_spacing=&#8221;eyJwYXJhbV90eXBlIjoid29vZG1hcnRfcmVzcG9uc2l2ZV9zcGFjaW5nIiwic2VsZWN0b3JfaWQiOiI2MzIwODVkZjFmNmYwIiwic2hvcnRjb2RlIjoidmNfcm93X2lubmVyIiwiZGF0YSI6eyJ0YWJsZXQiOnt9LCJtb2JpbGUiOnt9fX0=&#8221;<\/p>\n","protected":false},"author":1,"featured_media":0,"parent":0,"menu_order":0,"comment_status":"closed","ping_status":"closed","template":"","meta":{"footnotes":""},"class_list":["post-7166","page","type-page","status-publish","hentry"],"_links":{"self":[{"href":"https:\/\/kocakkoltuk.com\/index.php\/wp-json\/wp\/v2\/pages\/7166","targetHints":{"allow":["GET"]}}],"collection":[{"href":"https:\/\/kocakkoltuk.com\/index.php\/wp-json\/wp\/v2\/pages"}],"about":[{"href":"https:\/\/kocakkoltuk.com\/index.php\/wp-json\/wp\/v2\/types\/page"}],"author":[{"embeddable":true,"href":"https:\/\/kocakkoltuk.com\/index.php\/wp-json\/wp\/v2\/users\/1"}],"replies":[{"embeddable":true,"href":"https:\/\/kocakkoltuk.com\/index.php\/wp-json\/wp\/v2\/comments?post=7166"}],"version-history":[{"count":12,"href":"https:\/\/kocakkoltuk.com\/index.php\/wp-json\/wp\/v2\/pages\/7166\/revisions"}],"predecessor-version":[{"id":7687,"href":"https:\/\/kocakkoltuk.com\/index.php\/wp-json\/wp\/v2\/pages\/7166\/revisions\/7687"}],"wp:attachment":[{"href":"https:\/\/kocakkoltuk.com\/index.php\/wp-json\/wp\/v2\/media?parent=7166"}],"curies":[{"name":"wp","href":"https:\/\/api.w.org\/{rel}","templated":true}]}}