{"id":5288,"date":"2021-08-25T09:00:10","date_gmt":"2021-08-25T09:00:10","guid":{"rendered":"http:\/\/dummy.xtemos.com\/woodmart2\/?page_id=5288"},"modified":"2022-10-03T11:08:17","modified_gmt":"2022-10-03T11:08:17","slug":"iletisim","status":"publish","type":"page","link":"https:\/\/kocakkoltuk.com\/index.php\/iletisim\/","title":{"rendered":"\u0130leti\u015fim"},"content":{"rendered":"<p>[vc_row][vc_column width=&#8221;1\/2&#8243;][vc_custom_heading text=&#8221;Fabrika&#8221; font_container=&#8221;tag:h2|font_size:26px|text_align:center|color:%23000000&#8243; google_fonts=&#8221;font_family:Montserrat%3Aregular%2C700|font_style:400%20regular%3A400%3Anormal&#8221;][vc_separator el_width=&#8221;60&#8243;][vc_gmaps link=&#8221;#E-8_JTNDaWZyYW1lJTIwc3JjJTNEJTIyaHR0cHMlM0ElMkYlMkZ3d3cuZ29vZ2xlLmNvbSUyRm1hcHMlMkZlbWJlZCUzRnBiJTNEJTIxMW0xNCUyMTFtOCUyMTFtMyUyMTFkNTUxNy4yMjM0NzcxMzg1MSUyMTJkMjkuNTA1NzMzMjIwMDk2NDYlMjEzZDQwLjA5NjczMzI4OTQwNzI1NCUyMTNtMiUyMTFpMTAyNCUyMTJpNzY4JTIxNGYxMy4xJTIxM20zJTIxMW0yJTIxMXMweDAlMjUzQTB4NzhmMmIyMjJkMGVkMmJhZCUyMTJzS28lMjVDMyUyNUE3YWslMjUyMEtvbHR1ayUyMTVlMCUyMTNtMiUyMTFzdHIlMjEyc3RyJTIxNHYxNjYzMDc1MDc0NjEwJTIxNW0yJTIxMXN0ciUyMTJzdHIlMjIlMjB3aWR0aCUzRCUyMjYwMCUyMiUyMGhlaWdodCUzRCUyMjQ1MCUyMiUyMHN0eWxlJTNEJTIyYm9yZGVyJTNBMCUzQiUyMiUyMGFsbG93ZnVsbHNjcmVlbiUzRCUyMiUyMiUyMGxvYWRpbmclM0QlMjJsYXp5JTIyJTIwcmVmZXJyZXJwb2xpY3klM0QlMjJuby1yZWZlcnJlci13aGVuLWRvd25ncmFkZSUyMiUzRSUzQyUyRmlmcmFtZSUzRQ==&#8221;][vc_row_inner][vc_column_inner][vc_column_text woodmart_color_scheme=&#8221;dark&#8221; woodmart_inline=&#8221;no&#8221; text_larger=&#8221;no&#8221; el_class=&#8221;renk&#8221;]<\/p>\n<p style=\"text-align: center;\"><strong>Adres<\/strong><br \/>\n4. Cd. 16400 S\u00fcleymaniye Osb<br \/>\n\u0130neg\u00f6l\/Bursa<br \/>\nTel: +90 (224) 716 03 30<br \/>\nFax: +90 (224) 716 01 40<br \/>\nGsm: +90 (532) 582 09 35<br \/>\ninfo@kocakkoltuk.com<\/p>\n<p>[\/vc_column_text][\/vc_column_inner][\/vc_row_inner][\/vc_column][vc_column width=&#8221;1\/2&#8243;][vc_custom_heading text=&#8221;Ma\u011faza&#8221; font_container=&#8221;tag:h2|font_size:26px|text_align:center|color:%23000000&#8243; google_fonts=&#8221;font_family:Montserrat%3Aregular%2C700|font_style:400%20regular%3A400%3Anormal&#8221;][vc_separator el_width=&#8221;60&#8243;][vc_gmaps link=&#8221;#E-8_JTNDaWZyYW1lJTIwc3JjJTNEJTIyaHR0cHMlM0ElMkYlMkZ3d3cuZ29vZ2xlLmNvbSUyRm1hcHMlMkZlbWJlZCUzRnBiJTNEJTIxMW0xOCUyMTFtMTIlMjExbTMlMjExZDMwNTMuMjMyNzQxNTg4MTYyJTIxMmQyOS41MjA3NzczMTU3OTk4MSUyMTNkNDAuMDcwMjIwMjg0NTYzNSUyMTJtMyUyMTFmMCUyMTJmMCUyMTNmMCUyMTNtMiUyMTFpMTAyNCUyMTJpNzY4JTIxNGYxMy4xJTIxM20zJTIxMW0yJTIxMXMweDE0Y2JjOTQ1NGVlMDdlYmQlMjUzQTB4YmY2NDViNmJlOWEzY2NkZiUyMTJzTWFobXVkaXllJTI1MkMlMjUyMEVydHUlMjVDNCUyNTlGcnVsJTI1MjBHYXppJTI1MjBDZC4lMjUyME5vJTI1M0ExMDMlMjUyQyUyNTIwMTY0MDAlMjUyMCUyNUM0JTI1QjBuZWclMjVDMyUyNUI2bCUyNTJGQnVyc2ElMjE1ZTAlMjEzbTIlMjExc3RyJTIxMnN0ciUyMTR2MTY2Mzg1MjE4OTczMiUyMTVtMiUyMTFzdHIlMjEyc3RyJTIyJTIwd2lkdGglM0QlMjI2MDAlMjIlMjBoZWlnaHQlM0QlMjI0NTAlMjIlMjBzdHlsZSUzRCUyMmJvcmRlciUzQTAlM0IlMjIlMjBhbGxvd2Z1bGxzY3JlZW4lM0QlMjIlMjIlMjBsb2FkaW5nJTNEJTIybGF6eSUyMiUyMHJlZmVycmVycG9saWN5JTNEJTIybm8tcmVmZXJyZXItd2hlbi1kb3duZ3JhZGUlMjIlM0UlM0MlMkZpZnJhbWUlM0U=&#8221;][vc_row_inner][vc_column_inner][vc_column_text woodmart_color_scheme=&#8221;dark&#8221; woodmart_inline=&#8221;no&#8221; text_larger=&#8221;no&#8221; el_class=&#8221;renk&#8221;]<\/p>\n<p style=\"text-align: center;\"><strong>Adres<\/strong><br \/>\nYeni Sanayi Ertu\u011frul Gazi Caddesi No.103<br \/>\n\u0130neg\u00f6l \/ Bursa \/ T\u00fcrkiye<br \/>\nTel: +90 (224) 716 03 30<br \/>\nFax: +90 (224) 716 01 40<br \/>\nGsm: +90 (532) 582 09 35<br \/>\ninfo@kocakkoltuk.com<\/p>\n<p>[\/vc_column_text][\/vc_column_inner][\/vc_row_inner][\/vc_column][\/vc_row]<\/p>\n","protected":false},"excerpt":{"rendered":"<p>[vc_row][vc_column width=&#8221;1\/2&#8243;][vc_custom_heading text=&#8221;Fabrika&#8221; font_container=&#8221;tag:h2|font_size:26px|text_align:center|color:%23000000&#8243; google_fonts=&#8221;font_family:Montserrat%3Aregular%2C700|font_style:400%20regular%3A400%3Anormal&#8221;][vc_separator el_width=&#8221;60&#8243;][vc_gmaps link=&#8221;#E-8_JTNDaWZyYW1lJTIwc3JjJTNEJTIyaHR0cHMlM0ElMkYlMkZ3d3cuZ29vZ2xlLmNvbSUyRm1hcHMlMkZlbWJlZCUzRnBiJTNEJTIxMW0xNCUyMTFtOCUyMTFtMyUyMTFkNTUxNy4yMjM0NzcxMzg1MSUyMTJkMjkuNTA1NzMzMjIwMDk2NDYlMjEzZDQwLjA5NjczMzI4OTQwNzI1NCUyMTNtMiUyMTFpMTAyNCUyMTJpNzY4JTIxNGYxMy4xJTIxM20zJTIxMW0yJTIxMXMweDAlMjUzQTB4NzhmMmIyMjJkMGVkMmJhZCUyMTJzS28lMjVDMyUyNUE3YWslMjUyMEtvbHR1ayUyMTVlMCUyMTNtMiUyMTFzdHIlMjEyc3RyJTIxNHYxNjYzMDc1MDc0NjEwJTIxNW0yJTIxMXN0ciUyMTJzdHIlMjIlMjB3aWR0aCUzRCUyMjYwMCUyMiUyMGhlaWdodCUzRCUyMjQ1MCUyMiUyMHN0eWxlJTNEJTIyYm9yZGVyJTNBMCUzQiUyMiUyMGFsbG93ZnVsbHNjcmVlbiUzRCUyMiUyMiUyMGxvYWRpbmclM0QlMjJsYXp5JTIyJTIwcmVmZXJyZXJwb2xpY3klM0QlMjJuby1yZWZlcnJlci13aGVuLWRvd25ncmFkZSUyMiUzRSUzQyUyRmlmcmFtZSUzRQ==&#8221;][vc_row_inner][vc_column_inner][vc_column_text woodmart_color_scheme=&#8221;dark&#8221; woodmart_inline=&#8221;no&#8221; text_larger=&#8221;no&#8221; el_class=&#8221;renk&#8221;] Adres 4. Cd. 16400 S\u00fcleymaniye Osb \u0130neg\u00f6l\/Bursa Tel: +90<\/p>\n","protected":false},"author":1,"featured_media":0,"parent":0,"menu_order":0,"comment_status":"closed","ping_status":"closed","template":"","meta":{"footnotes":""},"class_list":["post-5288","page","type-page","status-publish","hentry"],"_links":{"self":[{"href":"https:\/\/kocakkoltuk.com\/index.php\/wp-json\/wp\/v2\/pages\/5288","targetHints":{"allow":["GET"]}}],"collection":[{"href":"https:\/\/kocakkoltuk.com\/index.php\/wp-json\/wp\/v2\/pages"}],"about":[{"href":"https:\/\/kocakkoltuk.com\/index.php\/wp-json\/wp\/v2\/types\/page"}],"author":[{"embeddable":true,"href":"https:\/\/kocakkoltuk.com\/index.php\/wp-json\/wp\/v2\/users\/1"}],"replies":[{"embeddable":true,"href":"https:\/\/kocakkoltuk.com\/index.php\/wp-json\/wp\/v2\/comments?post=5288"}],"version-history":[{"count":14,"href":"https:\/\/kocakkoltuk.com\/index.php\/wp-json\/wp\/v2\/pages\/5288\/revisions"}],"predecessor-version":[{"id":7688,"href":"https:\/\/kocakkoltuk.com\/index.php\/wp-json\/wp\/v2\/pages\/5288\/revisions\/7688"}],"wp:attachment":[{"href":"https:\/\/kocakkoltuk.com\/index.php\/wp-json\/wp\/v2\/media?parent=5288"}],"curies":[{"name":"wp","href":"https:\/\/api.w.org\/{rel}","templated":true}]}}